{"id":25,"date":"2025-10-06T15:38:42","date_gmt":"2025-10-06T15:38:42","guid":{"rendered":"https:\/\/appr.wp.local\/?page_id=25"},"modified":"2026-01-15T12:08:42","modified_gmt":"2026-01-15T11:08:42","slug":"home","status":"publish","type":"page","link":"https:\/\/ardipoelsart.com\/fr\/","title":{"rendered":"Accueil"},"content":{"rendered":"<div data-elementor-type=\"wp-page\" data-elementor-id=\"25\" class=\"elementor elementor-25\" data-elementor-post-type=\"page\">\n\t\t\t\t<div class=\"elementor-element elementor-element-3ef8a44 e-flex e-con-boxed e-con e-parent\" data-id=\"3ef8a44\" data-element_type=\"container\">\n\t\t\t\t\t<div class=\"e-con-inner\">\n\t\t\t\t<div class=\"elementor-element elementor-element-5e6ad90 elementor-widget elementor-widget-theme-site-logo elementor-widget-image\" data-id=\"5e6ad90\" data-element_type=\"widget\" data-widget_type=\"theme-site-logo.default\">\n\t\t\t\t\t\t\t\t\t\t\t<a href=\"https:\/\/ardipoelsart.com\/fr\">\n\t\t\t<img fetchpriority=\"high\" decoding=\"async\" width=\"1575\" height=\"787\" src=\"https:\/\/ardipoelsart.com\/wp-content\/uploads\/2025\/10\/LBO034-UIT-Logo-bischrift.webp\" class=\"attachment-full size-full wp-image-15\" alt=\"Projets d&#039;Ardi Poels\" srcset=\"https:\/\/ardipoelsart.com\/wp-content\/uploads\/2025\/10\/LBO034-UIT-Logo-bischrift.webp 1575w, https:\/\/ardipoelsart.com\/wp-content\/uploads\/2025\/10\/LBO034-UIT-Logo-bischrift-300x150.webp 300w, https:\/\/ardipoelsart.com\/wp-content\/uploads\/2025\/10\/LBO034-UIT-Logo-bischrift-1024x512.webp 1024w, https:\/\/ardipoelsart.com\/wp-content\/uploads\/2025\/10\/LBO034-UIT-Logo-bischrift-768x384.webp 768w, https:\/\/ardipoelsart.com\/wp-content\/uploads\/2025\/10\/LBO034-UIT-Logo-bischrift-1536x768.webp 1536w\" sizes=\"(max-width: 1575px) 100vw, 1575px\" title=\"\">\t\t\t\t<\/a>\n\t\t\t\t\t\t\t\t\t\t\t<\/div>\n\t\t\t\t<div class=\"elementor-element elementor-element-8c9b6ae elementor-widget elementor-widget-text-editor\" data-id=\"8c9b6ae\" data-element_type=\"widget\" data-widget_type=\"text-editor.default\">\n\t\t\t\t\t\t\t\t\t<p>APPR est le bureau de conseil ind\u00e9pendant pour l'art contemporain fond\u00e9 par Ardi Poels. Elle offre son expertise en mati\u00e8re de cr\u00e9ation, de conservation et d'entretien de collections d'art. En outre, elle se sp\u00e9cialise dans le d\u00e9veloppement de concepts et fournit des conseils pour l'ex\u00e9cution de projets artistiques pour des clients publics et priv\u00e9s. Chaque collaboration est une conversation : dynamique, r\u00e9fl\u00e9chie et ancr\u00e9e dans l'int\u00e9grit\u00e9 artistique.<\/p>\t\t\t\t\t\t\t\t<\/div>\n\t\t\t\t\t<\/div>\n\t\t\t\t<\/div>\n\t\t\t\t<\/div>","protected":false},"excerpt":{"rendered":"<p>APPR est le bureau de conseil ind\u00e9pendant pour l'art contemporain fond\u00e9 par Ardi Poels. Elle offre son expertise en mati\u00e8re de cr\u00e9ation, de conservation et d'entretien de collections d'art. En outre, elle se sp\u00e9cialise dans le d\u00e9veloppement de concepts et fournit des conseils pour l'ex\u00e9cution de projets artistiques pour des clients publics et priv\u00e9s. Chaque collaboration est une conversation : dynamique, r\u00e9fl\u00e9chie et enracin\u00e9e dans l'art [...]<\/p>","protected":false},"author":4,"featured_media":15,"parent":0,"menu_order":0,"comment_status":"closed","ping_status":"closed","template":"","meta":{"footnotes":""},"class_list":["post-25","page","type-page","status-publish","has-post-thumbnail","hentry"],"_links":{"self":[{"href":"https:\/\/ardipoelsart.com\/fr\/wp-json\/wp\/v2\/pages\/25","targetHints":{"allow":["GET"]}}],"collection":[{"href":"https:\/\/ardipoelsart.com\/fr\/wp-json\/wp\/v2\/pages"}],"about":[{"href":"https:\/\/ardipoelsart.com\/fr\/wp-json\/wp\/v2\/types\/page"}],"author":[{"embeddable":true,"href":"https:\/\/ardipoelsart.com\/fr\/wp-json\/wp\/v2\/users\/4"}],"replies":[{"embeddable":true,"href":"https:\/\/ardipoelsart.com\/fr\/wp-json\/wp\/v2\/comments?post=25"}],"version-history":[{"count":55,"href":"https:\/\/ardipoelsart.com\/fr\/wp-json\/wp\/v2\/pages\/25\/revisions"}],"predecessor-version":[{"id":577,"href":"https:\/\/ardipoelsart.com\/fr\/wp-json\/wp\/v2\/pages\/25\/revisions\/577"}],"wp:featuredmedia":[{"embeddable":true,"href":"https:\/\/ardipoelsart.com\/fr\/wp-json\/wp\/v2\/media\/15"}],"wp:attachment":[{"href":"https:\/\/ardipoelsart.com\/fr\/wp-json\/wp\/v2\/media?parent=25"}],"curies":[{"name":"wp","href":"https:\/\/api.w.org\/{rel}","templated":true}]}}