{"id":27,"date":"2025-10-06T15:38:50","date_gmt":"2025-10-06T15:38:50","guid":{"rendered":"https:\/\/appr.wp.local\/?page_id=27"},"modified":"2026-01-15T12:10:48","modified_gmt":"2026-01-15T11:10:48","slug":"a-propos-de","status":"publish","type":"page","link":"https:\/\/ardipoelsart.com\/fr\/a-propos-de","title":{"rendered":"A propos de"},"content":{"rendered":"<div data-elementor-type=\"wp-page\" data-elementor-id=\"27\" class=\"elementor elementor-27\" data-elementor-post-type=\"page\">\n\t\t\t\t<div class=\"elementor-element elementor-element-e50edb0 e-con-full e-flex e-con e-parent\" data-id=\"e50edb0\" data-element_type=\"container\">\n\t\t\t\t<div class=\"elementor-element elementor-element-e6ffa81 elementor-widget elementor-widget-heading\" data-id=\"e6ffa81\" data-element_type=\"widget\" data-widget_type=\"heading.default\">\n\t\t\t\t\t<h1 class=\"elementor-heading-title elementor-size-default\">\u00c0 PROPOS<\/h1>\t\t\t\t<\/div>\n\t\t\t\t<\/div>\n\t\t<div class=\"elementor-element elementor-element-2bec7a2 e-con-full e-flex e-con e-parent\" data-id=\"2bec7a2\" data-element_type=\"container\">\n\t\t\t\t<div class=\"elementor-element elementor-element-8d3f042 elementor-widget elementor-widget-text-editor\" data-id=\"8d3f042\" data-element_type=\"widget\" data-widget_type=\"text-editor.default\">\n\t\t\t\t\t\t\t\t\t<p>Ardi Poels a \u00e9tudi\u00e9 l'histoire de l'art \u00e0 Utrecht et s'est sp\u00e9cialis\u00e9e dans l'art contemporain. Elle a cofond\u00e9 Marres, House for Contemporary Culture \u00e0 Maastricht, et a conseill\u00e9 des mus\u00e9es et des municipalit\u00e9s, des entreprises et des collectionneurs priv\u00e9s aux Pays-Bas et \u00e0 l'\u00e9tranger en mati\u00e8re d'acquisitions, de gestion de collections et d'expositions.<\/p><p data-start=\"434\" data-end=\"803\">En tant que propri\u00e9taire et directrice de In Situ \/ Ardi Poels, The Ridder\/ House for Contemporary Culture (Maastricht) et du Ch\u00e2teau de la Borie (Solignac, France), elle a organis\u00e9 de nombreuses expositions individuelles et collectives.<\/p><p>Gr\u00e2ce \u00e0 son sens du talent, elle a collabor\u00e9 tr\u00e8s t\u00f4t avec de nombreux artistes de renomm\u00e9e internationale. Aujourd'hui, elle continue de collaborer avec des artistes \u00e9mergents, combinant sa longue exp\u00e9rience avec un \u0153il attentif aux nouveaux talents.<\/p>\t\t\t\t\t\t\t\t<\/div>\n\t\t\t\t<\/div>\n\t\t\t\t<\/div>","protected":false},"excerpt":{"rendered":"<p>ABOUT Ardi Poels studied Art History in Utrecht, specializing in Contemporary Art. She co-founded Marres, House for Contemporary Culture in Maastricht, and has advised museums and municipalities, companies, and private collectors in the Netherlands and abroad on acquisitions, collection management, and exhibitions. As owner and director of In Situ \/ Ardi Poels, The Ridder\/ House [&hellip;]<\/p>","protected":false},"author":4,"featured_media":78,"parent":0,"menu_order":1,"comment_status":"closed","ping_status":"closed","template":"","meta":{"footnotes":""},"class_list":["post-27","page","type-page","status-publish","has-post-thumbnail","hentry"],"_links":{"self":[{"href":"https:\/\/ardipoelsart.com\/fr\/wp-json\/wp\/v2\/pages\/27","targetHints":{"allow":["GET"]}}],"collection":[{"href":"https:\/\/ardipoelsart.com\/fr\/wp-json\/wp\/v2\/pages"}],"about":[{"href":"https:\/\/ardipoelsart.com\/fr\/wp-json\/wp\/v2\/types\/page"}],"author":[{"embeddable":true,"href":"https:\/\/ardipoelsart.com\/fr\/wp-json\/wp\/v2\/users\/4"}],"replies":[{"embeddable":true,"href":"https:\/\/ardipoelsart.com\/fr\/wp-json\/wp\/v2\/comments?post=27"}],"version-history":[{"count":45,"href":"https:\/\/ardipoelsart.com\/fr\/wp-json\/wp\/v2\/pages\/27\/revisions"}],"predecessor-version":[{"id":589,"href":"https:\/\/ardipoelsart.com\/fr\/wp-json\/wp\/v2\/pages\/27\/revisions\/589"}],"wp:featuredmedia":[{"embeddable":true,"href":"https:\/\/ardipoelsart.com\/fr\/wp-json\/wp\/v2\/media\/78"}],"wp:attachment":[{"href":"https:\/\/ardipoelsart.com\/fr\/wp-json\/wp\/v2\/media?parent=27"}],"curies":[{"name":"wp","href":"https:\/\/api.w.org\/{rel}","templated":true}]}}