{"id":29,"date":"2025-10-06T15:38:57","date_gmt":"2025-10-06T15:38:57","guid":{"rendered":"https:\/\/appr.wp.local\/?page_id=29"},"modified":"2026-01-15T11:36:47","modified_gmt":"2026-01-15T10:36:47","slug":"services","status":"publish","type":"page","link":"https:\/\/ardipoelsart.com\/fr\/services","title":{"rendered":"Services"},"content":{"rendered":"<div data-elementor-type=\"wp-page\" data-elementor-id=\"29\" class=\"elementor elementor-29\" data-elementor-post-type=\"page\">\n\t\t\t\t<div class=\"elementor-element elementor-element-9fce4b7 e-con-full e-flex e-con e-parent\" data-id=\"9fce4b7\" data-element_type=\"container\">\n\t\t\t\t<div class=\"elementor-element elementor-element-0e7279d elementor-widget elementor-widget-heading\" data-id=\"0e7279d\" data-element_type=\"widget\" data-widget_type=\"heading.default\">\n\t\t\t\t\t<h1 class=\"elementor-heading-title elementor-size-default\">SERVICES<\/h1>\t\t\t\t<\/div>\n\t\t\t\t<\/div>\n\t\t<div class=\"elementor-element elementor-element-303da7fc e-flex e-con-boxed e-con e-parent\" data-id=\"303da7fc\" data-element_type=\"container\">\n\t\t\t\t\t<div class=\"e-con-inner\">\n\t\t\t\t<div class=\"elementor-element elementor-element-4dcea633 elementor-widget elementor-widget-text-editor\" data-id=\"4dcea633\" data-element_type=\"widget\" data-widget_type=\"text-editor.default\">\n\t\t\t\t\t\t\t\t\t\n<p><em>Forte de plusieurs d\u00e9cennies d'exp\u00e9rience dans le monde de l'art contemporain, Ardi Poels aide ses clients \u00e0 constituer des collections, \u00e0 organiser des expositions et \u00e0 d\u00e9velopper des projets artistiques novateurs. Forte de sa longue exp\u00e9rience et de son vaste r\u00e9seau professionnel, elle apporte son expertise dans les domaines suivants :<\/em><\/p>\n\n\n\n<div class=\"wp-block-columns is-layout-flex wp-container-core-columns-is-layout-28f84493 wp-block-columns-is-layout-flex\">\n<div class=\"wp-block-column is-layout-flow wp-block-column-is-layout-flow\">\n<p><em>Orientations en mati\u00e8re d'acquisition<\/em><br>Elle guide ses clients sur le march\u00e9 de l'art, les aidant \u00e0 acqu\u00e9rir des \u0153uvres qui renforcent leur collection et correspondent \u00e0 leur vision et \u00e0 leurs objectifs d'investissement.<\/p>\n\n\n\n<p><em>Lancer une collection<\/em><br>Pour les collectionneurs d\u00e9butants, elle propose un programme d'introduction aux principales \u00e9volutions du march\u00e9 de l'art et \u00e9labore un plan personnalis\u00e9 pour commencer \u00e0 collectionner avec confiance et passion.<\/p>\n<\/div>\n\n\n\n<div class=\"wp-block-column is-layout-flow wp-block-column-is-layout-flow\">\n<p><em>Gestion et conservation des collections<\/em><br>Elle supervise la gestion professionnelle et la conservation des collections, de la documentation et du catalogage aux strat\u00e9gies de pr\u00e9servation.<\/p>\n\n\n\n<p><em>Cr\u00e9ation d'une exposition<\/em><br>Elle organise et produit des expositions qui suscitent l'int\u00e9r\u00eat du public et font ressortir le message que les clients souhaitent transmettre.<\/p>\n\n\n\n<p><em>D\u00e9veloppement du concept<\/em><br>Les applications de l'art contemporain dans les espaces publics et priv\u00e9s peuvent offrir des exp\u00e9riences significatives et inspirantes. En \u00e9troite collaboration avec les clients, des id\u00e9es novatrices et surprenantes seront d\u00e9velopp\u00e9es pour trouver un \u00e9cho aupr\u00e8s du public et renforcer la valeur esth\u00e9tique et culturelle de l'environnement.<\/p>\n<\/div>\n<\/div>\n\t\t\t\t\t\t\t\t<\/div>\n\t\t\t\t\t<\/div>\n\t\t\t\t<\/div>\n\t\t\t\t<\/div>","protected":false},"excerpt":{"rendered":"<p>SERVICES With decades of experience in the contemporary art world, Ardi Poels supports clients in building collections, curating exhibitions, and developing innovative art projects. Drawing on her long-standing experience and a broad professional network, she provides expertise in: Acquisition GuidanceShe guides clients through the art market, helping them acquire works that strengthen their collection and [&hellip;]<\/p>","protected":false},"author":4,"featured_media":95,"parent":0,"menu_order":2,"comment_status":"closed","ping_status":"closed","template":"","meta":{"footnotes":""},"class_list":["post-29","page","type-page","status-publish","has-post-thumbnail","hentry"],"_links":{"self":[{"href":"https:\/\/ardipoelsart.com\/fr\/wp-json\/wp\/v2\/pages\/29","targetHints":{"allow":["GET"]}}],"collection":[{"href":"https:\/\/ardipoelsart.com\/fr\/wp-json\/wp\/v2\/pages"}],"about":[{"href":"https:\/\/ardipoelsart.com\/fr\/wp-json\/wp\/v2\/types\/page"}],"author":[{"embeddable":true,"href":"https:\/\/ardipoelsart.com\/fr\/wp-json\/wp\/v2\/users\/4"}],"replies":[{"embeddable":true,"href":"https:\/\/ardipoelsart.com\/fr\/wp-json\/wp\/v2\/comments?post=29"}],"version-history":[{"count":11,"href":"https:\/\/ardipoelsart.com\/fr\/wp-json\/wp\/v2\/pages\/29\/revisions"}],"predecessor-version":[{"id":562,"href":"https:\/\/ardipoelsart.com\/fr\/wp-json\/wp\/v2\/pages\/29\/revisions\/562"}],"wp:featuredmedia":[{"embeddable":true,"href":"https:\/\/ardipoelsart.com\/fr\/wp-json\/wp\/v2\/media\/95"}],"wp:attachment":[{"href":"https:\/\/ardipoelsart.com\/fr\/wp-json\/wp\/v2\/media?parent=29"}],"curies":[{"name":"wp","href":"https:\/\/api.w.org\/{rel}","templated":true}]}}