{"id":31,"date":"2025-10-06T15:39:03","date_gmt":"2025-10-06T15:39:03","guid":{"rendered":"https:\/\/appr.wp.local\/?page_id=31"},"modified":"2026-01-15T12:15:49","modified_gmt":"2026-01-15T11:15:49","slug":"cours","status":"publish","type":"page","link":"https:\/\/ardipoelsart.com\/fr\/cours","title":{"rendered":"Cours"},"content":{"rendered":"<div data-elementor-type=\"wp-page\" data-elementor-id=\"31\" class=\"elementor elementor-31\" data-elementor-post-type=\"page\">\n\t\t\t\t<div class=\"elementor-element elementor-element-414d1ac e-con-full e-flex e-con e-parent\" data-id=\"414d1ac\" data-element_type=\"container\">\n\t\t\t\t<div class=\"elementor-element elementor-element-c94854b elementor-widget elementor-widget-heading\" data-id=\"c94854b\" data-element_type=\"widget\" data-widget_type=\"heading.default\">\n\t\t\t\t\t<h1 class=\"elementor-heading-title elementor-size-default\">COURS<\/h1>\t\t\t\t<\/div>\n\t\t\t\t<\/div>\n\t\t<div class=\"elementor-element elementor-element-3f4d65a e-flex e-con-boxed e-con e-parent\" data-id=\"3f4d65a\" data-element_type=\"container\">\n\t\t\t\t\t<div class=\"e-con-inner\">\n\t\t\t\t<div class=\"elementor-element elementor-element-082ef5f elementor-widget elementor-widget-text-editor\" data-id=\"082ef5f\" data-element_type=\"widget\" data-widget_type=\"text-editor.default\">\n\t\t\t\t\t\t\t\t\t<p>D\u00e9couvrir, collectionner, appr\u00e9cier<\/p><p><em>Qu'il s'agisse de comprendre le pouls de l'art contemporain ou de constituer une collection en toute confiance, les cours ouvrent la voie \u00e0 une exp\u00e9rience artistique plus riche. Des petits groupes, des conseils personnalis\u00e9s et des visites inspirantes rendent l'apprentissage \u00e0 la fois engageant et inoubliable.<\/em><\/p>\t\t\t\t\t\t\t\t<\/div>\n\t\t<div class=\"elementor-element elementor-element-1a63a18 e-grid e-con-full e-con e-child\" data-id=\"1a63a18\" data-element_type=\"container\">\n\t\t\t\t<div class=\"elementor-element elementor-element-d6e14d9 elementor-widget elementor-widget-text-editor\" data-id=\"d6e14d9\" data-element_type=\"widget\" data-widget_type=\"text-editor.default\">\n\t\t\t\t\t\t\t\t\t<p>COURS D'ART CONTEMPORAIN<\/p><p>D\u00e9couvrir les d\u00e9veloppements cl\u00e9s de l'art contemporain dans le contexte de l'histoire de l'art. Apprendre \u00e0 regarder, \u00e9valuer et appr\u00e9cier les \u0153uvres d'art avec confiance.\u00a0 \u00a0 \u00a0 \u00a0 \u00a0 \u00a0 \u00a0 \u00a0 \u00a0 \u00a0<\/p><p><em>Format<\/em>6 sessions (2 heures) + 2 visites guid\u00e9es de l'exposition - Max. 8 participants<\/p>\t\t\t\t\t\t\t\t<\/div>\n\t\t\t\t<div class=\"elementor-element elementor-element-a020acd elementor-widget elementor-widget-text-editor\" data-id=\"a020acd\" data-element_type=\"widget\" data-widget_type=\"text-editor.default\">\n\t\t\t\t\t\t\t\t\t<p>COURS : COLLECTIONNER L'ART CONTEMPORAIN<\/p><p>Pour les collectionneurs en herbe : comprendre le march\u00e9 de l'art, savoir quand acheter (et quand ne pas acheter) et commencer \u00e0 constituer sa collection en toute confiance.\u00a0<\/p><p><em>Format :<\/em> 6 sessions (2 heures) + 2 visites de foires d'art\/expositions - Max. 8 participants<\/p>\t\t\t\t\t\t\t\t<\/div>\n\t\t\t\t<div class=\"elementor-element elementor-element-eb57493 elementor-widget elementor-widget-text-editor\" data-id=\"eb57493\" data-element_type=\"widget\" data-widget_type=\"text-editor.default\">\n\t\t\t\t\t\t\t\t\t<p>PROGRAMME PERSONNALIS\u00c9 : COLLECTION D'\u0152UVRES D'ART\u00a0<\/p><p>Un programme sur mesure offrant des conseils d'experts sur la composition, le d\u00e9veloppement, la gestion et la conservation de votre collection d'art. Les d\u00e9veloppements cl\u00e9s de l'art contemporain sont discut\u00e9s en dialogue \u00e9troit avec votre collection et vos ambitions de collectionneur.<\/p><p><em data-start=\"502\" data-end=\"527\">D\u00e9tails : sur rendez-vous<\/em><\/p>\t\t\t\t\t\t\t\t<\/div>\n\t\t\t\t<div class=\"elementor-element elementor-element-449a441 elementor-widget elementor-widget-text-editor\" data-id=\"449a441\" data-element_type=\"widget\" data-widget_type=\"text-editor.default\">\n\t\t\t\t\t\t\t\t\t<p>COURS EN ENTREPRISE<\/p><p>Conf\u00e9rences ou cours sur mesure pour les entreprises, int\u00e9grant si possible les collections existantes. En option : visites guid\u00e9es d'expositions.<\/p><p><em>D\u00e9tails : sur rendez-vous<\/em><\/p>\t\t\t\t\t\t\t\t<\/div>\n\t\t\t\t<\/div>\n\t\t\t\t\t<\/div>\n\t\t\t\t<\/div>\n\t\t\t\t<\/div>","protected":false},"excerpt":{"rendered":"<p>COURSES Discover, Collect, Enjoy From understanding the pulse of contemporary art to building a collection with confidence \u2014 the courses open the door to a richer art experience. Small groups, personal guidance, and inspiring visits make learning both engaging and unforgettable. COURSE CONTEMPORARY ART Discover key developments in contemporary art within the context of art [&hellip;]<\/p>","protected":false},"author":4,"featured_media":111,"parent":0,"menu_order":3,"comment_status":"closed","ping_status":"closed","template":"","meta":{"footnotes":""},"class_list":["post-31","page","type-page","status-publish","has-post-thumbnail","hentry"],"_links":{"self":[{"href":"https:\/\/ardipoelsart.com\/fr\/wp-json\/wp\/v2\/pages\/31","targetHints":{"allow":["GET"]}}],"collection":[{"href":"https:\/\/ardipoelsart.com\/fr\/wp-json\/wp\/v2\/pages"}],"about":[{"href":"https:\/\/ardipoelsart.com\/fr\/wp-json\/wp\/v2\/types\/page"}],"author":[{"embeddable":true,"href":"https:\/\/ardipoelsart.com\/fr\/wp-json\/wp\/v2\/users\/4"}],"replies":[{"embeddable":true,"href":"https:\/\/ardipoelsart.com\/fr\/wp-json\/wp\/v2\/comments?post=31"}],"version-history":[{"count":61,"href":"https:\/\/ardipoelsart.com\/fr\/wp-json\/wp\/v2\/pages\/31\/revisions"}],"predecessor-version":[{"id":605,"href":"https:\/\/ardipoelsart.com\/fr\/wp-json\/wp\/v2\/pages\/31\/revisions\/605"}],"wp:featuredmedia":[{"embeddable":true,"href":"https:\/\/ardipoelsart.com\/fr\/wp-json\/wp\/v2\/media\/111"}],"wp:attachment":[{"href":"https:\/\/ardipoelsart.com\/fr\/wp-json\/wp\/v2\/media?parent=31"}],"curies":[{"name":"wp","href":"https:\/\/api.w.org\/{rel}","templated":true}]}}