{"id":35,"date":"2025-10-06T15:39:21","date_gmt":"2025-10-06T15:39:21","guid":{"rendered":"https:\/\/appr.wp.local\/?page_id=35"},"modified":"2026-01-15T11:36:28","modified_gmt":"2026-01-15T10:36:28","slug":"archives","status":"publish","type":"page","link":"https:\/\/ardipoelsart.com\/fr\/archives","title":{"rendered":"Archives - Ch\u00e2teau de la Borie 2017-2024"},"content":{"rendered":"<div data-elementor-type=\"wp-page\" data-elementor-id=\"35\" class=\"elementor elementor-35\" data-elementor-post-type=\"page\">\n\t\t\t\t<div class=\"elementor-element elementor-element-2bfe214 e-con-full e-flex e-con e-parent\" data-id=\"2bfe214\" data-element_type=\"container\">\n\t\t\t\t<div class=\"elementor-element elementor-element-6f77464 elementor-widget elementor-widget-heading\" data-id=\"6f77464\" data-element_type=\"widget\" data-widget_type=\"heading.default\">\n\t\t\t\t\t<h1 class=\"elementor-heading-title elementor-size-default\">ARCHIVES CH\u00c2TEAU DE LA BORIE\n<\/h1>\t\t\t\t<\/div>\n\t\t\t\t<\/div>\n\t\t<div class=\"elementor-element elementor-element-60a03253 e-flex e-con-boxed e-con e-parent\" data-id=\"60a03253\" data-element_type=\"container\">\n\t\t\t\t\t<div class=\"e-con-inner\">\n\t\t\t\t<div class=\"elementor-element elementor-element-1c88a24d elementor-widget elementor-widget-text-editor\" data-id=\"1c88a24d\" data-element_type=\"widget\" data-widget_type=\"text-editor.default\">\n\t\t\t\t\t\t\t\t\t\n<p><em>Bienvenue dans les archives du Ch\u00e2teau de la Borie - un lieu o\u00f9 l'art et la nature se rencontrent dans un dialogue continu et inspirant. Vous trouverez ici des images et des r\u00e9cits illustrant les projets, les rencontres et les joies qui ont fa\u00e7onn\u00e9 ce domaine unique.<\/em><\/p>\n\n\n\n<div class=\"wp-block-columns is-layout-flex wp-container-core-columns-is-layout-28f84493 wp-block-columns-is-layout-flex\">\n<div class=\"wp-block-column is-layout-flow wp-block-column-is-layout-flow\">\n<p>En 2016, l'historien de l'art Ardi Poels, sp\u00e9cialiste de l'art contemporain, et Harry Struijker Boudier, professeur \u00e9m\u00e9rite de pharmacologie, ont acquis le ch\u00e2teau dans la r\u00e9gion du Limousin en France. La propri\u00e9t\u00e9 historique - comprenant le ch\u00e2teau lui-m\u00eame et 14 hectares de jardins \u00e0 la fran\u00e7aise, un parc paysager, un lac et une for\u00eat - est devenue un cadre dynamique pour l'art contemporain international.<\/p>\n\n\n\n<p>S'appuyant sur leur expertise, ils ont cr\u00e9\u00e9 un programme qui a accueilli des artistes du monde entier pour exposer dans et autour du ch\u00e2teau. Les jardins ont \u00e9t\u00e9 d\u00e9velopp\u00e9s en tant que \u201cJardin en Mouvement\u201d, conform\u00e9ment \u00e0 la vision \u00e9cologique du botaniste\/paysagiste fran\u00e7ais Gilles Cl\u00e9ment, dont la philosophie - \u201cnous devons travailler avec, et non contre, la nature\u201d - n'a fait que gagner en pertinence depuis les ann\u00e9es 1970.<\/p>\n<\/div>\n\n\n\n<div class=\"wp-block-column is-layout-flow wp-block-column-is-layout-flow\">\n<p>Parall\u00e8lement \u00e0 la restauration des jardins historiques, un jardin de permaculture a \u00e9t\u00e9 cr\u00e9\u00e9, c\u00e9l\u00e9brant la biodiversit\u00e9 et l'interconnexion de la vie v\u00e9g\u00e9tale. De 2016 \u00e0 2024, les jardins et les expositions ont \u00e9t\u00e9 ouverts au public, accueillant des ateliers sur l'art contemporain, la permaculture, les plantes m\u00e9dicinales et d'autres th\u00e8mes connexes.<\/p>\n\n\n\n<p>Le Ch\u00e2teau de la Borie est devenu un lieu d'\u00e9change, d'\u00e9merveillement et de r\u00e9flexion, o\u00f9 l'art et l'\u00e9cologie existent en v\u00e9ritable symbiose.<\/p>\n\n\n\n<h4 class=\"wp-block-heading\">D\u00e9couvrir :<\/h4>\n\n\n\n<ul class=\"wp-block-list\">\n<li><a href=\"\/fr\/lart-au-chateau-de-la-borie\/\">L'art au Ch\u00e2teau de la Borie entre 2016 et 2024<\/a><\/li>\n\n\n\n<li><a href=\"\/fr\/decouvrir-les-jardins\/\">Jardins du Ch\u00e2teau de la Borie entre 2016-2024<\/a><\/li>\n<\/ul>\n<\/div>\n<\/div>\n\t\t\t\t\t\t\t\t<\/div>\n\t\t\t\t<div class=\"elementor-element elementor-element-f608278 elementor-widget elementor-widget-button\" data-id=\"f608278\" data-element_type=\"widget\" data-widget_type=\"button.default\">\n\t\t\t\t\t\t\t\t\t\t<a class=\"elementor-button elementor-button-link elementor-size-sm\" href=\"https:\/\/laborie.ardipoels.com\/\" target=\"_blank\" rel=\"noopener noreferrer nofollow\">\n\t\t\t\t\t\t<span class=\"elementor-button-content-wrapper\">\n\t\t\t\t\t\t\t\t\t<span class=\"elementor-button-text\">Voir les archives du Ch\u00e2teau de la Borie<\/span>\n\t\t\t\t\t<\/span>\n\t\t\t\t\t<\/a>\n\t\t\t\t\t\t\t\t<\/div>\n\t\t\t\t\t<\/div>\n\t\t\t\t<\/div>\n\t\t\t\t<\/div>","protected":false},"excerpt":{"rendered":"<p>ARCHIVES CH\u00c2TEAU DE LA BORIE Welcome to the archive of Ch\u00e2teau de la Borie \u2014 a place where art and nature met in a continuous, inspiring dialogue. Here you\u2019ll find images and stories capturing the projects, encounters, and joy that shaped this unique estate. In 2016, art historian Ardi Poels, specialist in contemporary art, and [&hellip;]<\/p>","protected":false},"author":4,"featured_media":282,"parent":0,"menu_order":5,"comment_status":"closed","ping_status":"closed","template":"","meta":{"footnotes":""},"class_list":["post-35","page","type-page","status-publish","has-post-thumbnail","hentry"],"_links":{"self":[{"href":"https:\/\/ardipoelsart.com\/fr\/wp-json\/wp\/v2\/pages\/35","targetHints":{"allow":["GET"]}}],"collection":[{"href":"https:\/\/ardipoelsart.com\/fr\/wp-json\/wp\/v2\/pages"}],"about":[{"href":"https:\/\/ardipoelsart.com\/fr\/wp-json\/wp\/v2\/types\/page"}],"author":[{"embeddable":true,"href":"https:\/\/ardipoelsart.com\/fr\/wp-json\/wp\/v2\/users\/4"}],"replies":[{"embeddable":true,"href":"https:\/\/ardipoelsart.com\/fr\/wp-json\/wp\/v2\/comments?post=35"}],"version-history":[{"count":16,"href":"https:\/\/ardipoelsart.com\/fr\/wp-json\/wp\/v2\/pages\/35\/revisions"}],"predecessor-version":[{"id":559,"href":"https:\/\/ardipoelsart.com\/fr\/wp-json\/wp\/v2\/pages\/35\/revisions\/559"}],"wp:featuredmedia":[{"embeddable":true,"href":"https:\/\/ardipoelsart.com\/fr\/wp-json\/wp\/v2\/media\/282"}],"wp:attachment":[{"href":"https:\/\/ardipoelsart.com\/fr\/wp-json\/wp\/v2\/media?parent=35"}],"curies":[{"name":"wp","href":"https:\/\/api.w.org\/{rel}","templated":true}]}}